{"id":2635,"date":"2025-09-10T14:35:30","date_gmt":"2025-09-10T12:35:30","guid":{"rendered":"https:\/\/takenase.org\/contact\/"},"modified":"2025-12-18T09:42:32","modified_gmt":"2025-12-18T08:42:32","slug":"contact","status":"publish","type":"page","link":"https:\/\/takenase.org\/en\/contact\/","title":{"rendered":"Contact"},"content":{"rendered":"\t\t<div data-elementor-type=\"wp-page\" data-elementor-id=\"2635\" class=\"elementor elementor-2635 elementor-1049\" data-elementor-post-type=\"page\">\n\t\t\t\t<div class=\"elementor-element elementor-element-d1f74cb e-flex e-con-boxed e-con e-parent\" data-id=\"d1f74cb\" data-element_type=\"container\" data-e-type=\"container\" data-settings=\"{&quot;background_background&quot;:&quot;classic&quot;}\">\n\t\t\t\t\t<div class=\"e-con-inner\">\n\t\t\t\t<div class=\"elementor-element elementor-element-5878664 elementor-widget elementor-widget-heading\" data-id=\"5878664\" data-element_type=\"widget\" data-e-type=\"widget\" data-widget_type=\"heading.default\">\n\t\t\t\t\t<h2 class=\"elementor-heading-title elementor-size-default\">Contact<\/h2>\t\t\t\t<\/div>\n\t\t<div class=\"elementor-element elementor-element-c68e3cf e-grid e-con-boxed e-con e-child\" data-id=\"c68e3cf\" data-element_type=\"container\" data-e-type=\"container\">\n\t\t\t\t\t<div class=\"e-con-inner\">\n\t\t<div class=\"elementor-element elementor-element-a83b3aa e-con-full ct-backdrop e-flex e-con e-child\" data-id=\"a83b3aa\" data-element_type=\"container\" data-e-type=\"container\" data-settings=\"{&quot;background_background&quot;:&quot;classic&quot;}\">\n\t\t\t\t<div class=\"elementor-element elementor-element-5969066 elementor-view-stacked elementor-position-inline-start elementor-tablet-position-block-start elementor-mobile-position-inline-start elementor-shape-circle elementor-widget elementor-widget-icon-box\" data-id=\"5969066\" data-element_type=\"widget\" data-e-type=\"widget\" data-widget_type=\"icon-box.default\">\n\t\t\t\t\t\t\t<div class=\"elementor-icon-box-wrapper\">\n\n\t\t\t\t\t\t<div class=\"elementor-icon-box-icon\">\n\t\t\t\t<span  class=\"elementor-icon\">\n\t\t\t\t<svg aria-hidden=\"true\" class=\"e-font-icon-svg e-fas-phone-alt\" viewBox=\"0 0 512 512\" xmlns=\"http:\/\/www.w3.org\/2000\/svg\"><path d=\"M497.39 361.8l-112-48a24 24 0 0 0-28 6.9l-49.6 60.6A370.66 370.66 0 0 1 130.6 204.11l60.6-49.6a23.94 23.94 0 0 0 6.9-28l-48-112A24.16 24.16 0 0 0 122.6.61l-104 24A24 24 0 0 0 0 48c0 256.5 207.9 464 464 464a24 24 0 0 0 23.4-18.6l24-104a24.29 24.29 0 0 0-14.01-27.6z\"><\/path><\/svg>\t\t\t\t<\/span>\n\t\t\t<\/div>\n\t\t\t\n\t\t\t\t\t\t<div class=\"elementor-icon-box-content\">\n\n\t\t\t\t\t\t\t\t\t<h5 class=\"elementor-icon-box-title\">\n\t\t\t\t\t\t<span  >\n\t\t\t\t\t\t\tPhone\t\t\t\t\t\t<\/span>\n\t\t\t\t\t<\/h5>\n\t\t\t\t\n\t\t\t\t\t\t\t\t\t<p class=\"elementor-icon-box-description\">\n\t\t\t\t\t\t+421 903 57 33 57\t\t\t\t\t<\/p>\n\t\t\t\t\n\t\t\t<\/div>\n\t\t\t\n\t\t<\/div>\n\t\t\t\t\t\t<\/div>\n\t\t\t\t<\/div>\n\t\t<div class=\"elementor-element elementor-element-eed1dce e-con-full ct-backdrop e-flex e-con e-child\" data-id=\"eed1dce\" data-element_type=\"container\" data-e-type=\"container\" data-settings=\"{&quot;background_background&quot;:&quot;classic&quot;}\">\n\t\t\t\t<div class=\"elementor-element elementor-element-40e3e37 elementor-view-stacked elementor-position-inline-start elementor-tablet-position-block-start elementor-mobile-position-inline-start elementor-shape-circle elementor-widget elementor-widget-icon-box\" data-id=\"40e3e37\" data-element_type=\"widget\" data-e-type=\"widget\" data-widget_type=\"icon-box.default\">\n\t\t\t\t\t\t\t<div class=\"elementor-icon-box-wrapper\">\n\n\t\t\t\t\t\t<div class=\"elementor-icon-box-icon\">\n\t\t\t\t<span  class=\"elementor-icon\">\n\t\t\t\t<svg aria-hidden=\"true\" class=\"e-font-icon-svg e-far-envelope\" viewBox=\"0 0 512 512\" xmlns=\"http:\/\/www.w3.org\/2000\/svg\"><path d=\"M464 64H48C21.49 64 0 85.49 0 112v288c0 26.51 21.49 48 48 48h416c26.51 0 48-21.49 48-48V112c0-26.51-21.49-48-48-48zm0 48v40.805c-22.422 18.259-58.168 46.651-134.587 106.49-16.841 13.247-50.201 45.072-73.413 44.701-23.208.375-56.579-31.459-73.413-44.701C106.18 199.465 70.425 171.067 48 152.805V112h416zM48 400V214.398c22.914 18.251 55.409 43.862 104.938 82.646 21.857 17.205 60.134 55.186 103.062 54.955 42.717.231 80.509-37.199 103.053-54.947 49.528-38.783 82.032-64.401 104.947-82.653V400H48z\"><\/path><\/svg>\t\t\t\t<\/span>\n\t\t\t<\/div>\n\t\t\t\n\t\t\t\t\t\t<div class=\"elementor-icon-box-content\">\n\n\t\t\t\t\t\t\t\t\t<h5 class=\"elementor-icon-box-title\">\n\t\t\t\t\t\t<span  >\n\t\t\t\t\t\t\tEmail\t\t\t\t\t\t<\/span>\n\t\t\t\t\t<\/h5>\n\t\t\t\t\n\t\t\t\t\t\t\t\t\t<p class=\"elementor-icon-box-description\">\n\t\t\t\t\t\tinfo@takenase.org\t\t\t\t\t<\/p>\n\t\t\t\t\n\t\t\t<\/div>\n\t\t\t\n\t\t<\/div>\n\t\t\t\t\t\t<\/div>\n\t\t\t\t<\/div>\n\t\t\t\t\t<\/div>\n\t\t\t\t<\/div>\n\t\t\t\t\t<\/div>\n\t\t\t\t<\/div>\n\t\t<div class=\"elementor-element elementor-element-756f5a4 e-flex e-con-boxed e-con e-parent\" data-id=\"756f5a4\" data-element_type=\"container\" data-e-type=\"container\">\n\t\t\t\t\t<div class=\"e-con-inner\">\n\t\t<div class=\"elementor-element elementor-element-e779be8 e-con-full e-flex e-con e-child\" data-id=\"e779be8\" data-element_type=\"container\" data-e-type=\"container\" data-settings=\"{&quot;background_background&quot;:&quot;classic&quot;}\">\n\t\t\t\t<div class=\"elementor-element elementor-element-88d1571 elementor-widget elementor-widget-heading\" data-id=\"88d1571\" data-element_type=\"widget\" data-e-type=\"widget\" data-widget_type=\"heading.default\">\n\t\t\t\t\t<h3 class=\"elementor-heading-title elementor-size-default\">Billing Information<\/h3>\t\t\t\t<\/div>\n\t\t\t\t<div class=\"elementor-element elementor-element-9915a3b elementor-widget elementor-widget-text-editor\" data-id=\"9915a3b\" data-element_type=\"widget\" data-e-type=\"widget\" data-widget_type=\"text-editor.default\">\n\t\t\t\t\t\t\t\t\t<p><strong>Take na\u0161e, o.z.<\/strong><br>J. Z\u00e1borsk\u00e9ho 2319\/lOA<br>Ve\u013ek\u00fd \u0160ari\u0161 082 21<br>Slovakia<\/p>\t\t\t\t\t\t\t\t<\/div>\n\t\t\t\t<div class=\"elementor-element elementor-element-0454b29 elementor-widget elementor-widget-text-editor\" data-id=\"0454b29\" data-element_type=\"widget\" data-e-type=\"widget\" data-widget_type=\"text-editor.default\">\n\t\t\t\t\t\t\t\t\t<p>Tatrabanka, a.s.<br><strong>IBAN:<\/strong> SK29 1100 0000 0029 4808 7226<\/p><p><strong>Company ID:<\/strong> 53096436<br><strong>VAT ID:<\/strong> 2121294549<\/p>\t\t\t\t\t\t\t\t<\/div>\n\t\t\t\t<div class=\"elementor-element elementor-element-d680ad1 elementor-widget elementor-widget-text-editor\" data-id=\"d680ad1\" data-element_type=\"widget\" data-e-type=\"widget\" data-widget_type=\"text-editor.default\">\n\t\t\t\t\t\t\t\t\t<p>Registered with the Ministry of Interior of the Slovak Republic on June 24, 2020, under number VVS\/1-900\/90-59378<\/p>\t\t\t\t\t\t\t\t<\/div>\n\t\t\t\t<\/div>\n\t\t<div class=\"elementor-element elementor-element-3d8e3c1 e-con-full e-flex e-con e-child\" data-id=\"3d8e3c1\" data-element_type=\"container\" data-e-type=\"container\" data-settings=\"{&quot;background_background&quot;:&quot;classic&quot;}\">\n\t\t\t\t<div class=\"elementor-element elementor-element-e38f5d7 elementor-widget elementor-widget-heading\" data-id=\"e38f5d7\" data-element_type=\"widget\" data-e-type=\"widget\" data-widget_type=\"heading.default\">\n\t\t\t\t\t<h3 class=\"elementor-heading-title elementor-size-default\">Mailing Address<\/h3>\t\t\t\t<\/div>\n\t\t\t\t<div class=\"elementor-element elementor-element-97a8b09 elementor-widget elementor-widget-text-editor\" data-id=\"97a8b09\" data-element_type=\"widget\" data-e-type=\"widget\" data-widget_type=\"text-editor.default\">\n\t\t\t\t\t\t\t\t\t<p>Take na\u0161e, o.z.<br>Katar\u00ed\u00adna Romanov\u00e1<br>N\u00e1mestie SNP 108<br>Slovensk\u00e1 \u013dup\u010da 976 13<br>Slovakia<\/p><p><strong>+421 903 57 33 57<br><\/strong>info@takenase.org<\/p>\t\t\t\t\t\t\t\t<\/div>\n\t\t\t\t<\/div>\n\t\t\t\t\t<\/div>\n\t\t\t\t<\/div>\n\t\t<div class=\"elementor-element elementor-element-44ad871 e-flex e-con-boxed e-con e-parent\" data-id=\"44ad871\" data-element_type=\"container\" data-e-type=\"container\">\n\t\t\t\t\t<div class=\"e-con-inner\">\n\t\t<div class=\"elementor-element elementor-element-86a25a8 e-con-full e-flex e-con e-child\" data-id=\"86a25a8\" data-element_type=\"container\" data-e-type=\"container\" data-settings=\"{&quot;background_background&quot;:&quot;classic&quot;}\">\n\t\t\t\t<div class=\"elementor-element elementor-element-4acd5ac elementor-widget elementor-widget-heading\" data-id=\"4acd5ac\" data-element_type=\"widget\" data-e-type=\"widget\" data-widget_type=\"heading.default\">\n\t\t\t\t\t<h3 class=\"elementor-heading-title elementor-size-default\">Contact us<\/h3>\t\t\t\t<\/div>\n\t\t\t\t<div class=\"elementor-element elementor-element-5bcb692 elementor-widget elementor-widget-form\" data-id=\"5bcb692\" data-element_type=\"widget\" data-e-type=\"widget\" data-settings=\"{&quot;step_next_label&quot;:&quot;Next&quot;,&quot;step_previous_label&quot;:&quot;Previous&quot;,&quot;button_width&quot;:&quot;100&quot;,&quot;step_type&quot;:&quot;number_text&quot;,&quot;step_icon_shape&quot;:&quot;circle&quot;}\" data-widget_type=\"form.default\">\n\t\t\t\t\t\t\t<form class=\"elementor-form\" method=\"post\" name=\"New Form\" aria-label=\"New Form\">\n\t\t\t<input type=\"hidden\" name=\"post_id\" value=\"2635\"\/>\n\t\t\t<input type=\"hidden\" name=\"form_id\" value=\"5bcb692\"\/>\n\t\t\t<input type=\"hidden\" name=\"referer_title\" value=\"Take na\u0161e, o.z.\" \/>\n\n\t\t\t\n\t\t\t<div class=\"elementor-form-fields-wrapper elementor-labels-\">\n\t\t\t\t\t\t\t\t<div class=\"elementor-field-type-text elementor-field-group elementor-column elementor-field-group-name elementor-col-100 elementor-field-required\">\n\t\t\t\t\t\t\t\t\t\t\t\t<label for=\"form-field-name\" class=\"elementor-field-label elementor-screen-only\">\n\t\t\t\t\t\t\t\tName\t\t\t\t\t\t\t<\/label>\n\t\t\t\t\t\t\t\t\t\t\t\t\t\t<input size=\"1\" type=\"text\" name=\"form_fields[name]\" id=\"form-field-name\" class=\"elementor-field elementor-size-sm  elementor-field-textual\" placeholder=\"Name\" required=\"required\">\n\t\t\t\t\t\t\t\t\t\t\t<\/div>\n\t\t\t\t\t\t\t\t<div class=\"elementor-field-type-email elementor-field-group elementor-column elementor-field-group-email elementor-col-100 elementor-field-required\">\n\t\t\t\t\t\t\t\t\t\t\t\t<label for=\"form-field-email\" class=\"elementor-field-label elementor-screen-only\">\n\t\t\t\t\t\t\t\tEmail\t\t\t\t\t\t\t<\/label>\n\t\t\t\t\t\t\t\t\t\t\t\t\t\t<input size=\"1\" type=\"email\" name=\"form_fields[email]\" id=\"form-field-email\" class=\"elementor-field elementor-size-sm  elementor-field-textual\" placeholder=\"Email\" required=\"required\">\n\t\t\t\t\t\t\t\t\t\t\t<\/div>\n\t\t\t\t\t\t\t\t<div class=\"elementor-field-type-textarea elementor-field-group elementor-column elementor-field-group-message elementor-col-100\">\n\t\t\t\t\t\t\t\t\t\t\t\t<label for=\"form-field-message\" class=\"elementor-field-label elementor-screen-only\">\n\t\t\t\t\t\t\t\tMessage\t\t\t\t\t\t\t<\/label>\n\t\t\t\t\t\t<textarea class=\"elementor-field-textual elementor-field  elementor-size-sm\" name=\"form_fields[message]\" id=\"form-field-message\" rows=\"2\" placeholder=\"Message\"><\/textarea>\t\t\t\t<\/div>\n\t\t\t\t\t\t\t\t<div class=\"elementor-field-type-acceptance elementor-field-group elementor-column elementor-field-group-field_2c3717a elementor-col-100\">\n\t\t\t\t\t\t\t<div class=\"elementor-field-subgroup\">\n\t\t\t<span class=\"elementor-field-option\">\n\t\t\t\t<input type=\"checkbox\" name=\"form_fields[field_2c3717a]\" id=\"form-field-field_2c3717a\" class=\"elementor-field elementor-size-sm  elementor-acceptance-field\">\n\t\t\t\t<label for=\"form-field-field_2c3717a\">I agree to the processing of personal data.<\/label>\t\t\t<\/span>\n\t\t<\/div>\n\t\t\t\t\t\t<\/div>\n\t\t\t\t\t\t\t\t<div class=\"elementor-field-type-recaptcha_v3 elementor-field-group elementor-column elementor-field-group-field_ea8a195 elementor-col-100 recaptcha_v3-inline\">\n\t\t\t\t\t<div class=\"elementor-field\" id=\"form-field-field_ea8a195\"><div class=\"elementor-g-recaptcha\" data-sitekey=\"6LcqZy8sAAAAAOj-QiSN2yUU39KU58Ezd1Ce5Zx0\" data-type=\"v3\" data-action=\"Form\" data-badge=\"inline\" data-size=\"invisible\"><\/div><\/div>\t\t\t\t<\/div>\n\t\t\t\t\t\t\t\t<div class=\"elementor-field-group elementor-column elementor-field-type-submit elementor-col-100 e-form__buttons\">\n\t\t\t\t\t<button class=\"elementor-button elementor-size-sm\" type=\"submit\">\n\t\t\t\t\t\t<span class=\"elementor-button-content-wrapper\">\n\t\t\t\t\t\t\t\t\t\t\t\t\t\t\t\t\t\t\t\t\t\t<span class=\"elementor-button-text\">Submit<\/span>\n\t\t\t\t\t\t\t\t\t\t\t\t\t<\/span>\n\t\t\t\t\t<\/button>\n\t\t\t\t<\/div>\n\t\t\t<\/div>\n\t\t<\/form>\n\t\t\t\t\t\t<\/div>\n\t\t\t\t<\/div>\n\t\t\t\t\t<\/div>\n\t\t\t\t<\/div>\n\t\t<div class=\"elementor-element elementor-element-cdc1d16 e-flex e-con-boxed e-con e-parent\" data-id=\"cdc1d16\" data-element_type=\"container\" data-e-type=\"container\" data-settings=\"{&quot;background_background&quot;:&quot;gradient&quot;}\">\n\t\t\t\t\t<div class=\"e-con-inner\">\n\t\t<div class=\"elementor-element elementor-element-7334e5ac e-con-full e-flex e-con e-child\" data-id=\"7334e5ac\" data-element_type=\"container\" data-e-type=\"container\" data-settings=\"{&quot;background_background&quot;:&quot;classic&quot;}\">\n\t\t<div class=\"elementor-element elementor-element-425e6e01 e-con-full e-flex e-con e-child\" data-id=\"425e6e01\" data-element_type=\"container\" data-e-type=\"container\">\n\t\t\t\t<div class=\"elementor-element elementor-element-6d2d5f78 elementor-widget elementor-widget-heading\" data-id=\"6d2d5f78\" data-element_type=\"widget\" data-e-type=\"widget\" data-widget_type=\"heading.default\">\n\t\t\t\t\t<h2 class=\"elementor-heading-title elementor-size-default\">Help us develop our regions<\/h2>\t\t\t\t<\/div>\n\t\t\t\t<div class=\"elementor-element elementor-element-3605111c elementor-widget elementor-widget-text-editor\" data-id=\"3605111c\" data-element_type=\"widget\" data-e-type=\"widget\" data-widget_type=\"text-editor.default\">\n\t\t\t\t\t\t\t\t\t<p>Your help is the energy that allows us to create new projects and support people in our communities.<\/p>\t\t\t\t\t\t\t\t<\/div>\n\t\t<div class=\"elementor-element elementor-element-2d43c541 e-con-full e-flex e-con e-child\" data-id=\"2d43c541\" data-element_type=\"container\" data-e-type=\"container\">\n\t\t\t\t<div class=\"elementor-element elementor-element-43eaee04 ct-button-icon elementor-widget__width-auto elementor-widget elementor-widget-button\" data-id=\"43eaee04\" data-element_type=\"widget\" data-e-type=\"widget\" data-widget_type=\"button.default\">\n\t\t\t\t\t\t\t\t\t\t<a class=\"elementor-button elementor-button-link elementor-size-sm\" href=\"https:\/\/takenase.org\/podporte-nas\/#dvepercenta\">\n\t\t\t\t\t\t<span class=\"elementor-button-content-wrapper\">\n\t\t\t\t\t\t<span class=\"elementor-button-icon\">\n\t\t\t\t<svg xmlns=\"http:\/\/www.w3.org\/2000\/svg\" id=\"Layer_1\" viewBox=\"0 0 40 40\"><path d=\"M20,0C9,0,0,9,0,20s9,20,20,20,20-9,20-20S31,0,20,0ZM28.6,20h0c0,.1,0,.2,0,.3,0,0,0,0,0,0h0c0,0,0,.1-.1.2h0s-6.9,7-6.9,7c-.2.3-.7.3-.9,0,0,0,0,0,0,0-.3-.3-.3-.7,0-.9,0,0,0,0,0,0l5.8-5.9h-14.5c-.4,0-.6-.3-.6-.7,0-.4.3-.6.6-.6h14.5l-5.8-5.9c-.2-.3-.2-.7,0-.9.3-.2.7-.2.9,0l6.9,7h0c0,0,0,.1.1.2h0s0,0,0,0h0c0,0,0,.2,0,.2h0s0,0,0,0Z\"><\/path><\/svg>\t\t\t<\/span>\n\t\t\t\t\t\t\t\t\t<span class=\"elementor-button-text\">Donate 2%<\/span>\n\t\t\t\t\t<\/span>\n\t\t\t\t\t<\/a>\n\t\t\t\t\t\t\t\t<\/div>\n\t\t\t\t<div class=\"elementor-element elementor-element-6b9ee981 ct-button-icon elementor-widget__width-auto elementor-widget elementor-widget-button\" data-id=\"6b9ee981\" data-element_type=\"widget\" data-e-type=\"widget\" data-widget_type=\"button.default\">\n\t\t\t\t\t\t\t\t\t\t<a class=\"elementor-button elementor-button-link elementor-size-sm\" href=\"https:\/\/takenase.org\/podporte-nas\/#spolupraca\">\n\t\t\t\t\t\t<span class=\"elementor-button-content-wrapper\">\n\t\t\t\t\t\t<span class=\"elementor-button-icon\">\n\t\t\t\t<svg xmlns=\"http:\/\/www.w3.org\/2000\/svg\" id=\"Layer_1\" viewBox=\"0 0 40 40\"><path d=\"M20,0C9,0,0,9,0,20s9,20,20,20,20-9,20-20S31,0,20,0ZM28.6,20h0c0,.1,0,.2,0,.3,0,0,0,0,0,0h0c0,0,0,.1-.1.2h0s-6.9,7-6.9,7c-.2.3-.7.3-.9,0,0,0,0,0,0,0-.3-.3-.3-.7,0-.9,0,0,0,0,0,0l5.8-5.9h-14.5c-.4,0-.6-.3-.6-.7,0-.4.3-.6.6-.6h14.5l-5.8-5.9c-.2-.3-.2-.7,0-.9.3-.2.7-.2.9,0l6.9,7h0c0,0,0,.1.1.2h0s0,0,0,0h0c0,0,0,.2,0,.2h0s0,0,0,0Z\"><\/path><\/svg>\t\t\t<\/span>\n\t\t\t\t\t\t\t\t\t<span class=\"elementor-button-text\">Partner with us<\/span>\n\t\t\t\t\t<\/span>\n\t\t\t\t\t<\/a>\n\t\t\t\t\t\t\t\t<\/div>\n\t\t\t\t<\/div>\n\t\t\t\t<\/div>\n\t\t<div class=\"elementor-element elementor-element-5b14b12e e-con-full e-flex e-con e-child\" data-id=\"5b14b12e\" data-element_type=\"container\" data-e-type=\"container\">\n\t\t\t\t<div class=\"elementor-element elementor-element-2a20f3cd elementor-widget elementor-widget-image\" data-id=\"2a20f3cd\" data-element_type=\"widget\" data-e-type=\"widget\" data-widget_type=\"image.default\">\n\t\t\t\t\t\t\t\t\t\t\t\t\t\t\t<img fetchpriority=\"high\" decoding=\"async\" width=\"1024\" height=\"576\" src=\"https:\/\/takenase.org\/wp-content\/uploads\/2025\/11\/sunrise-1024x576.jpg\" class=\"attachment-large size-large wp-image-2634\" alt=\"\" srcset=\"https:\/\/takenase.org\/wp-content\/uploads\/2025\/11\/sunrise-1024x576.jpg 1024w, https:\/\/takenase.org\/wp-content\/uploads\/2025\/11\/sunrise-300x169.jpg 300w, https:\/\/takenase.org\/wp-content\/uploads\/2025\/11\/sunrise-768x432.jpg 768w, https:\/\/takenase.org\/wp-content\/uploads\/2025\/11\/sunrise-1536x864.jpg 1536w, https:\/\/takenase.org\/wp-content\/uploads\/2025\/11\/sunrise-2048x1152.jpg 2048w\" sizes=\"(max-width: 1024px) 100vw, 1024px\" \/>\t\t\t\t\t\t\t\t\t\t\t\t\t\t\t<\/div>\n\t\t\t\t<\/div>\n\t\t\t\t<\/div>\n\t\t\t\t\t<\/div>\n\t\t\t\t<\/div>\n\t\t\t\t<\/div>\n\t\t","protected":false},"excerpt":{"rendered":"<p>Contact Phone +421 903 57 33 57 Email info@takenase.org Billing Information Take na\u0161e, o.z.J. Z\u00e1borsk\u00e9ho 2319\/lOAVe\u013ek\u00fd \u0160ari\u0161 082 21Slovakia Tatrabanka, a.s.IBAN: SK29 1100 0000 0029 4808 7226 Company ID: 53096436VAT ID: 2121294549 Registered with the Ministry of Interior of the Slovak Republic on June 24, 2020, under number VVS\/1-900\/90-59378 Mailing Address Take na\u0161e, o.z.Katar\u00ed\u00adna Romanov\u00e1N\u00e1mestie [&hellip;]<\/p>\n","protected":false},"author":1,"featured_media":0,"parent":0,"menu_order":0,"comment_status":"closed","ping_status":"closed","template":"","meta":{"_acf_changed":false,"footnotes":""},"class_list":["post-2635","page","type-page","status-publish","hentry"],"blocksy_meta":{"has_hero_section":"disabled","vertical_spacing_source":"custom","content_area_spacing":"none","styles_descriptor":{"styles":{"desktop":"","tablet":"","mobile":""},"google_fonts":[],"version":6}},"acf":[],"yoast_head":"<!-- This site is optimized with the Yoast SEO plugin v26.6 - https:\/\/yoast.com\/wordpress\/plugins\/seo\/ -->\n<title>Contact - Take na\u0161e, o.z.<\/title>\n<meta name=\"robots\" content=\"index, follow, max-snippet:-1, max-image-preview:large, max-video-preview:-1\" \/>\n<link rel=\"canonical\" href=\"https:\/\/takenase.org\/kontakt\/\" \/>\n<meta property=\"og:locale\" content=\"en_US\" \/>\n<meta property=\"og:type\" content=\"article\" \/>\n<meta property=\"og:title\" content=\"Contact - Take na\u0161e, o.z.\" \/>\n<meta property=\"og:description\" content=\"Contact Phone +421 903 57 33 57 Email info@takenase.org Billing Information Take na\u0161e, o.z.J. Z\u00e1borsk\u00e9ho 2319\/lOAVe\u013ek\u00fd \u0160ari\u0161 082 21Slovakia Tatrabanka, a.s.IBAN: SK29 1100 0000 0029 4808 7226 Company ID: 53096436VAT ID: 2121294549 Registered with the Ministry of Interior of the Slovak Republic on June 24, 2020, under number VVS\/1-900\/90-59378 Mailing Address Take na\u0161e, o.z.Katar\u00ed\u00adna Romanov\u00e1N\u00e1mestie [&hellip;]\" \/>\n<meta property=\"og:url\" content=\"https:\/\/takenase.org\/kontakt\/\" \/>\n<meta property=\"og:site_name\" content=\"Take na\u0161e, o.z.\" \/>\n<meta property=\"article:publisher\" content=\"https:\/\/www.facebook.com\/takenase.slovakia\" \/>\n<meta property=\"article:modified_time\" content=\"2025-12-18T08:42:32+00:00\" \/>\n<meta property=\"og:image\" content=\"https:\/\/takenase.org\/wp-content\/uploads\/2025\/11\/sunrise-1024x576.jpg\" \/>\n<meta name=\"twitter:card\" content=\"summary_large_image\" \/>\n<script type=\"application\/ld+json\" class=\"yoast-schema-graph\">{\"@context\":\"https:\/\/schema.org\",\"@graph\":[{\"@type\":\"WebPage\",\"@id\":\"https:\/\/takenase.org\/kontakt\/\",\"url\":\"https:\/\/takenase.org\/kontakt\/\",\"name\":\"Contact - Take na\u0161e, o.z.\",\"isPartOf\":{\"@id\":\"https:\/\/takenase.org\/#website\"},\"primaryImageOfPage\":{\"@id\":\"https:\/\/takenase.org\/kontakt\/#primaryimage\"},\"image\":{\"@id\":\"https:\/\/takenase.org\/kontakt\/#primaryimage\"},\"thumbnailUrl\":\"https:\/\/takenase.org\/wp-content\/uploads\/2025\/11\/sunrise-1024x576.jpg\",\"datePublished\":\"2025-09-10T12:35:30+00:00\",\"dateModified\":\"2025-12-18T08:42:32+00:00\",\"breadcrumb\":{\"@id\":\"https:\/\/takenase.org\/kontakt\/#breadcrumb\"},\"inLanguage\":\"en-US\",\"potentialAction\":[{\"@type\":\"ReadAction\",\"target\":[\"https:\/\/takenase.org\/kontakt\/\"]}]},{\"@type\":\"ImageObject\",\"inLanguage\":\"en-US\",\"@id\":\"https:\/\/takenase.org\/kontakt\/#primaryimage\",\"url\":\"https:\/\/takenase.org\/wp-content\/uploads\/2025\/11\/sunrise-1024x576.jpg\",\"contentUrl\":\"https:\/\/takenase.org\/wp-content\/uploads\/2025\/11\/sunrise-1024x576.jpg\"},{\"@type\":\"BreadcrumbList\",\"@id\":\"https:\/\/takenase.org\/kontakt\/#breadcrumb\",\"itemListElement\":[{\"@type\":\"ListItem\",\"position\":1,\"name\":\"Domovsk\u00e1 str\u00e1nka\",\"item\":\"https:\/\/takenase.org\/\"},{\"@type\":\"ListItem\",\"position\":2,\"name\":\"Contact\"}]},{\"@type\":\"WebSite\",\"@id\":\"https:\/\/takenase.org\/#website\",\"url\":\"https:\/\/takenase.org\/\",\"name\":\"Take na\u0161e, o.z.\",\"description\":\"\",\"publisher\":{\"@id\":\"https:\/\/takenase.org\/#organization\"},\"potentialAction\":[{\"@type\":\"SearchAction\",\"target\":{\"@type\":\"EntryPoint\",\"urlTemplate\":\"https:\/\/takenase.org\/?s={search_term_string}\"},\"query-input\":{\"@type\":\"PropertyValueSpecification\",\"valueRequired\":true,\"valueName\":\"search_term_string\"}}],\"inLanguage\":\"en-US\"},{\"@type\":\"Organization\",\"@id\":\"https:\/\/takenase.org\/#organization\",\"name\":\"Take na\u0161e, o.z.\",\"url\":\"https:\/\/takenase.org\/\",\"logo\":{\"@type\":\"ImageObject\",\"inLanguage\":\"en-US\",\"@id\":\"https:\/\/takenase.org\/#\/schema\/logo\/image\/\",\"url\":\"https:\/\/takenase.org\/wp-content\/uploads\/2025\/11\/logo_takenase.png\",\"contentUrl\":\"https:\/\/takenase.org\/wp-content\/uploads\/2025\/11\/logo_takenase.png\",\"width\":720,\"height\":396,\"caption\":\"Take na\u0161e, o.z.\"},\"image\":{\"@id\":\"https:\/\/takenase.org\/#\/schema\/logo\/image\/\"},\"sameAs\":[\"https:\/\/www.facebook.com\/takenase.slovakia\"]}]}<\/script>\n<!-- \/ Yoast SEO plugin. -->","yoast_head_json":{"title":"Contact - Take na\u0161e, o.z.","robots":{"index":"index","follow":"follow","max-snippet":"max-snippet:-1","max-image-preview":"max-image-preview:large","max-video-preview":"max-video-preview:-1"},"canonical":"https:\/\/takenase.org\/kontakt\/","og_locale":"en_US","og_type":"article","og_title":"Contact - Take na\u0161e, o.z.","og_description":"Contact Phone +421 903 57 33 57 Email info@takenase.org Billing Information Take na\u0161e, o.z.J. Z\u00e1borsk\u00e9ho 2319\/lOAVe\u013ek\u00fd \u0160ari\u0161 082 21Slovakia Tatrabanka, a.s.IBAN: SK29 1100 0000 0029 4808 7226 Company ID: 53096436VAT ID: 2121294549 Registered with the Ministry of Interior of the Slovak Republic on June 24, 2020, under number VVS\/1-900\/90-59378 Mailing Address Take na\u0161e, o.z.Katar\u00ed\u00adna Romanov\u00e1N\u00e1mestie [&hellip;]","og_url":"https:\/\/takenase.org\/kontakt\/","og_site_name":"Take na\u0161e, o.z.","article_publisher":"https:\/\/www.facebook.com\/takenase.slovakia","article_modified_time":"2025-12-18T08:42:32+00:00","og_image":[{"url":"https:\/\/takenase.org\/wp-content\/uploads\/2025\/11\/sunrise-1024x576.jpg","type":"","width":"","height":""}],"twitter_card":"summary_large_image","schema":{"@context":"https:\/\/schema.org","@graph":[{"@type":"WebPage","@id":"https:\/\/takenase.org\/kontakt\/","url":"https:\/\/takenase.org\/kontakt\/","name":"Contact - Take na\u0161e, o.z.","isPartOf":{"@id":"https:\/\/takenase.org\/#website"},"primaryImageOfPage":{"@id":"https:\/\/takenase.org\/kontakt\/#primaryimage"},"image":{"@id":"https:\/\/takenase.org\/kontakt\/#primaryimage"},"thumbnailUrl":"https:\/\/takenase.org\/wp-content\/uploads\/2025\/11\/sunrise-1024x576.jpg","datePublished":"2025-09-10T12:35:30+00:00","dateModified":"2025-12-18T08:42:32+00:00","breadcrumb":{"@id":"https:\/\/takenase.org\/kontakt\/#breadcrumb"},"inLanguage":"en-US","potentialAction":[{"@type":"ReadAction","target":["https:\/\/takenase.org\/kontakt\/"]}]},{"@type":"ImageObject","inLanguage":"en-US","@id":"https:\/\/takenase.org\/kontakt\/#primaryimage","url":"https:\/\/takenase.org\/wp-content\/uploads\/2025\/11\/sunrise-1024x576.jpg","contentUrl":"https:\/\/takenase.org\/wp-content\/uploads\/2025\/11\/sunrise-1024x576.jpg"},{"@type":"BreadcrumbList","@id":"https:\/\/takenase.org\/kontakt\/#breadcrumb","itemListElement":[{"@type":"ListItem","position":1,"name":"Domovsk\u00e1 str\u00e1nka","item":"https:\/\/takenase.org\/"},{"@type":"ListItem","position":2,"name":"Contact"}]},{"@type":"WebSite","@id":"https:\/\/takenase.org\/#website","url":"https:\/\/takenase.org\/","name":"Take na\u0161e, o.z.","description":"","publisher":{"@id":"https:\/\/takenase.org\/#organization"},"potentialAction":[{"@type":"SearchAction","target":{"@type":"EntryPoint","urlTemplate":"https:\/\/takenase.org\/?s={search_term_string}"},"query-input":{"@type":"PropertyValueSpecification","valueRequired":true,"valueName":"search_term_string"}}],"inLanguage":"en-US"},{"@type":"Organization","@id":"https:\/\/takenase.org\/#organization","name":"Take na\u0161e, o.z.","url":"https:\/\/takenase.org\/","logo":{"@type":"ImageObject","inLanguage":"en-US","@id":"https:\/\/takenase.org\/#\/schema\/logo\/image\/","url":"https:\/\/takenase.org\/wp-content\/uploads\/2025\/11\/logo_takenase.png","contentUrl":"https:\/\/takenase.org\/wp-content\/uploads\/2025\/11\/logo_takenase.png","width":720,"height":396,"caption":"Take na\u0161e, o.z."},"image":{"@id":"https:\/\/takenase.org\/#\/schema\/logo\/image\/"},"sameAs":["https:\/\/www.facebook.com\/takenase.slovakia"]}]}},"_links":{"self":[{"href":"https:\/\/takenase.org\/en\/wp-json\/wp\/v2\/pages\/2635","targetHints":{"allow":["GET"]}}],"collection":[{"href":"https:\/\/takenase.org\/en\/wp-json\/wp\/v2\/pages"}],"about":[{"href":"https:\/\/takenase.org\/en\/wp-json\/wp\/v2\/types\/page"}],"author":[{"embeddable":true,"href":"https:\/\/takenase.org\/en\/wp-json\/wp\/v2\/users\/1"}],"replies":[{"embeddable":true,"href":"https:\/\/takenase.org\/en\/wp-json\/wp\/v2\/comments?post=2635"}],"version-history":[{"count":1,"href":"https:\/\/takenase.org\/en\/wp-json\/wp\/v2\/pages\/2635\/revisions"}],"predecessor-version":[{"id":2639,"href":"https:\/\/takenase.org\/en\/wp-json\/wp\/v2\/pages\/2635\/revisions\/2639"}],"wp:attachment":[{"href":"https:\/\/takenase.org\/en\/wp-json\/wp\/v2\/media?parent=2635"}],"curies":[{"name":"wp","href":"https:\/\/api.w.org\/{rel}","templated":true}]}}